{"id":69,"date":"2018-04-10T15:02:52","date_gmt":"2018-04-10T14:02:52","guid":{"rendered":"http:\/\/opticalsante.fr\/?page_id=69"},"modified":"2021-05-10T17:35:01","modified_gmt":"2021-05-10T15:35:01","slug":"champigny-sur-marne","status":"publish","type":"page","link":"https:\/\/opticalsante.fr\/index.php\/champigny-sur-marne\/","title":{"rendered":"CHAMPIGNY SUR MARNE"},"content":{"rendered":"<div class=\"wpb-content-wrapper\"><p>[vc_row css=\u00a0\u00bb.vc_custom_1523373120088{margin-top: 45px !important;}\u00a0\u00bb][vc_column][vc_column_text]<\/p>\n<h1 style=\"text-align: center;\"><span style=\"color: #7c71ae;\">Votre Opticien-Lunetier \u00e0 <strong>Champigny sur Marne<\/strong> dans le 94<\/span><\/h1>\n<p>[\/vc_column_text][vc_row_inner][vc_column_inner width=\u00a0\u00bb1\/4&Prime;][\/vc_column_inner][vc_column_inner width=\u00a0\u00bb1\/4&Prime;][vc_btn title=\u00a0\u00bbNOS OFFRES\u00a0\u00bb size=\u00a0\u00bblg\u00a0\u00bb align=\u00a0\u00bbcenter\u00a0\u00bb css_animation=\u00a0\u00bbappear\u00a0\u00bb button_block=\u00a0\u00bbtrue\u00a0\u00bb link=\u00a0\u00bburl:http%3A%2F%2Fopticalsante.fr%2Findex.php%2Fchampigny-sur-marne%2Fnos-offres%2F|||\u00a0\u00bb][\/vc_column_inner][vc_column_inner width=\u00a0\u00bb1\/4&Prime;][vc_btn title=\u00a0\u00bbCONTACTEZ-NOUS\u00a0\u00bb size=\u00a0\u00bblg\u00a0\u00bb align=\u00a0\u00bbcenter\u00a0\u00bb css_animation=\u00a0\u00bbappear\u00a0\u00bb button_block=\u00a0\u00bbtrue\u00a0\u00bb link=\u00a0\u00bburl:http%3A%2F%2Fopticalsante.fr%2Findex.php%2Fchampigny-sur-marne%2Fcontactez-nous%2F|||\u00a0\u00bb][\/vc_column_inner][vc_column_inner width=\u00a0\u00bb1\/4&Prime;][\/vc_column_inner][\/vc_row_inner][\/vc_column][\/vc_row][vc_row css=\u00a0\u00bb.vc_custom_1523373128874{margin-top: 20px !important;}\u00a0\u00bb][vc_column width=\u00a0\u00bb1\/3&Prime;][vc_column_text]<\/p>\n<h3 style=\"text-align: justify;\">Votre magasin vous propose plus de <span style=\"color: #7c71ae;\">1200 montures expos\u00e9es sur 200 m2<\/span>, avec un choix parmi les plus grandes marques toujours mis au gout du jour.<\/h3>\n<h3 style=\"text-align: justify;\">Un espace d\u00e9di\u00e9 aux <span style=\"color: #7c71ae;\">femmes<\/span>, aux <span style=\"color: #7c71ae;\">hommes<\/span> ainsi qu&rsquo;un espace sp\u00e9cialement r\u00e9serv\u00e9 \u00e0 vos <span style=\"color: #7c71ae;\">enfants<\/span>.<\/h3>\n<h3 style=\"text-align: justify;\">Une salle d&rsquo;examen de vue est aussi mise \u00e0 la disposition de nos opticiens pour <span style=\"color: #7c71ae;\">v\u00e9rifier votre vue<\/span> si n\u00e9cessaire.<\/h3>\n<p>[\/vc_column_text][\/vc_column][vc_column width=\u00a0\u00bb2\/3&Prime;][vc_masonry_media_grid element_width=\u00a0\u00bb3&Prime; gap=\u00a0\u00bb10&Prime; grid_id=\u00a0\u00bbvc_gid:1620660878582-a4cd5809-a5c2-1&Prime; include=\u00a0\u00bb98,104,100,101,114&Prime;][\/vc_column][\/vc_row]<\/p>\n<\/div>","protected":false},"excerpt":{"rendered":"<p>[vc_row css=\u00a0\u00bb.vc_custom_1523373120088{margin-top: 45px !important;}\u00a0\u00bb][vc_column][vc_column_text] Votre Opticien-Lunetier \u00e0 Champigny sur Marne dans le 94 [\/vc_column_text][vc_row_inner][vc_column_inner width=\u00a0\u00bb1\/4&Prime;][\/vc_column_inner][vc_column_inner width=\u00a0\u00bb1\/4&Prime;][vc_btn title=\u00a0\u00bbNOS OFFRES\u00a0\u00bb size=\u00a0\u00bblg\u00a0\u00bb align=\u00a0\u00bbcenter\u00a0\u00bb css_animation=\u00a0\u00bbappear\u00a0\u00bb button_block=\u00a0\u00bbtrue\u00a0\u00bb link=\u00a0\u00bburl:http%3A%2F%2Fopticalsante.fr%2Findex.php%2Fchampigny-sur-marne%2Fnos-offres%2F|||\u00a0\u00bb][\/vc_column_inner][vc_column_inner width=\u00a0\u00bb1\/4&Prime;][vc_btn title=\u00a0\u00bbCONTACTEZ-NOUS\u00a0\u00bb size=\u00a0\u00bblg\u00a0\u00bb<span class=\"excerpt-hellip\"> [\u2026]<\/span><\/p>\n","protected":false},"author":1,"featured_media":0,"parent":0,"menu_order":0,"comment_status":"closed","ping_status":"closed","template":"","meta":{"footnotes":""},"class_list":["post-69","page","type-page","status-publish","hentry"],"_links":{"self":[{"href":"https:\/\/opticalsante.fr\/index.php\/wp-json\/wp\/v2\/pages\/69"}],"collection":[{"href":"https:\/\/opticalsante.fr\/index.php\/wp-json\/wp\/v2\/pages"}],"about":[{"href":"https:\/\/opticalsante.fr\/index.php\/wp-json\/wp\/v2\/types\/page"}],"author":[{"embeddable":true,"href":"https:\/\/opticalsante.fr\/index.php\/wp-json\/wp\/v2\/users\/1"}],"replies":[{"embeddable":true,"href":"https:\/\/opticalsante.fr\/index.php\/wp-json\/wp\/v2\/comments?post=69"}],"version-history":[{"count":33,"href":"https:\/\/opticalsante.fr\/index.php\/wp-json\/wp\/v2\/pages\/69\/revisions"}],"predecessor-version":[{"id":1134,"href":"https:\/\/opticalsante.fr\/index.php\/wp-json\/wp\/v2\/pages\/69\/revisions\/1134"}],"wp:attachment":[{"href":"https:\/\/opticalsante.fr\/index.php\/wp-json\/wp\/v2\/media?parent=69"}],"curies":[{"name":"wp","href":"https:\/\/api.w.org\/{rel}","templated":true}]}}