{"id":245,"date":"2018-11-26T11:32:34","date_gmt":"2018-11-26T10:32:34","guid":{"rendered":"http:\/\/opticalsante.fr\/?page_id=245"},"modified":"2020-05-12T11:07:17","modified_gmt":"2020-05-12T10:07:17","slug":"prendre-rendez-vous","status":"publish","type":"page","link":"https:\/\/opticalsante.fr\/index.php\/prendre-rendez-vous\/","title":{"rendered":"PRENDRE RENDEZ-VOUS"},"content":{"rendered":"<div class=\"wpb-content-wrapper\"><p>[vc_row][vc_column][vc_column_text]<\/p>\n<h3 style=\"text-align: center;\"><span style=\"color: #7971ac;\">Prenez rendez-vous en ligne | Optical Sant\u00e9 <strong>Tournan-en-Brie<\/strong><\/span><\/h3>\n<p>[\/vc_column_text][\/vc_column][\/vc_row][vc_row][vc_column width=\u00a0\u00bb2\/3&Prime;][vc_column_text]<div class=\"booked-calendar-shortcode-wrap\"><div class=\"booked-calendar-wrap large\"><table class=\"booked-calendar\" data-calendar-id=\"4\" data-calendar-date=\"2026-04-01\">\n\t\t<thead>\n\n\t\t\t\n\t\t\t<tr>\n\t\t\t\t<th colspan=\"7\">\n\t\t\t\t\t\t\t\t\t\t<span class=\"calendarSavingState\">\n\t\t\t\t\t\t<i class=\"booked-icon booked-icon-spinner-clock booked-icon-spin\"><\/i>\n\t\t\t\t\t<\/span>\n\t\t\t\t\t<span class=\"monthName\">\n\t\t\t\t\t\tavril 2026\t\t\t\t\t\t\t\t\t\t\t<\/span>\n\t\t\t\t\t<a href=\"#\" data-goto=\"2026-05-01\" class=\"page-right\"><i class=\"booked-icon booked-icon-arrow-right\"><\/i><\/a>\t\t\t\t<\/th>\n\t\t\t<\/tr>\n\t\t\t<tr class=\"days\">\n\t\t\t\t\t\t\t\t<th>lun<\/th>\n\t\t\t\t<th>mar<\/th>\n\t\t\t\t<th>mer<\/th>\n\t\t\t\t<th>jeu<\/th>\n\t\t\t\t<th>ven<\/th>\n\t\t\t\t<th>sam<\/th>\t\t\t\t<th>dim<\/th>\t\t\t<\/tr>\n\t\t<\/thead>\n\t\t<tbody><tr class=\"week\"><td data-date=\"2026-03-30\" class=\"prev-month prev-date\"><span class=\"date\"><span class=\"number\">30<\/span><\/span><\/td><td data-date=\"2026-03-31\" class=\"prev-month prev-date\"><span class=\"date\"><span class=\"number\">31<\/span><\/span><\/td><td data-date=\"2026-04-1\" class=\"prev-date\"><span class=\"date\"><span class=\"number\">1<\/span><\/span><\/td><td data-date=\"2026-04-2\" class=\"prev-date\"><span class=\"date\"><span class=\"number\">2<\/span><\/span><\/td><td data-date=\"2026-04-3\" class=\"prev-date\"><span class=\"date\"><span class=\"number\">3<\/span><\/span><\/td><td data-date=\"2026-04-4\" class=\"prev-date\"><span class=\"date\"><span class=\"number\">4<\/span><\/span><\/td><td data-date=\"2026-04-5\" class=\"prev-date\"><span class=\"date\"><span class=\"number\">5<\/span><\/span><\/td><\/tr><tr class=\"week\"><td data-date=\"2026-04-6\" class=\"prev-date\"><span class=\"date\"><span class=\"number\">6<\/span><\/span><\/td><td data-date=\"2026-04-7\" class=\"today\"><span class=\"date tooltipster\" title=\"7 Disponibles\"><span class=\"number\">7<\/span><\/span><\/td><td data-date=\"2026-04-8\" class=\"\"><span class=\"date tooltipster\" title=\"12 Disponibles\"><span class=\"number\">8<\/span><\/span><\/td><td data-date=\"2026-04-9\" class=\"\"><span class=\"date tooltipster\" title=\"12 Disponibles\"><span class=\"number\">9<\/span><\/span><\/td><td data-date=\"2026-04-10\" class=\"\"><span class=\"date tooltipster\" title=\"12 Disponibles\"><span class=\"number\">10<\/span><\/span><\/td><td data-date=\"2026-04-11\" class=\"\"><span class=\"date tooltipster\" title=\"13 Disponibles\"><span class=\"number\">11<\/span><\/span><\/td><td data-date=\"2026-04-12\" class=\"prev-date\"><span class=\"date\"><span class=\"number\">12<\/span><\/span><\/td><\/tr><tr class=\"week\"><td data-date=\"2026-04-13\" class=\"\"><span class=\"date tooltipster\" title=\"12 Disponibles\"><span class=\"number\">13<\/span><\/span><\/td><td data-date=\"2026-04-14\" class=\"\"><span class=\"date tooltipster\" title=\"12 Disponibles\"><span class=\"number\">14<\/span><\/span><\/td><td data-date=\"2026-04-15\" class=\"\"><span class=\"date tooltipster\" title=\"12 Disponibles\"><span class=\"number\">15<\/span><\/span><\/td><td data-date=\"2026-04-16\" class=\"\"><span class=\"date tooltipster\" title=\"12 Disponibles\"><span class=\"number\">16<\/span><\/span><\/td><td data-date=\"2026-04-17\" class=\"\"><span class=\"date tooltipster\" title=\"12 Disponibles\"><span class=\"number\">17<\/span><\/span><\/td><td data-date=\"2026-04-18\" class=\"\"><span class=\"date tooltipster\" title=\"13 Disponibles\"><span class=\"number\">18<\/span><\/span><\/td><td data-date=\"2026-04-19\" class=\"prev-date\"><span class=\"date\"><span class=\"number\">19<\/span><\/span><\/td><\/tr><tr class=\"week\"><td data-date=\"2026-04-20\" class=\"\"><span class=\"date tooltipster\" title=\"12 Disponibles\"><span class=\"number\">20<\/span><\/span><\/td><td data-date=\"2026-04-21\" class=\"\"><span class=\"date tooltipster\" title=\"12 Disponibles\"><span class=\"number\">21<\/span><\/span><\/td><td data-date=\"2026-04-22\" class=\"\"><span class=\"date tooltipster\" title=\"12 Disponibles\"><span class=\"number\">22<\/span><\/span><\/td><td data-date=\"2026-04-23\" class=\"\"><span class=\"date tooltipster\" title=\"12 Disponibles\"><span class=\"number\">23<\/span><\/span><\/td><td data-date=\"2026-04-24\" class=\"\"><span class=\"date tooltipster\" title=\"12 Disponibles\"><span class=\"number\">24<\/span><\/span><\/td><td data-date=\"2026-04-25\" class=\"\"><span class=\"date tooltipster\" title=\"13 Disponibles\"><span class=\"number\">25<\/span><\/span><\/td><td data-date=\"2026-04-26\" class=\"prev-date\"><span class=\"date\"><span class=\"number\">26<\/span><\/span><\/td><\/tr><tr class=\"week\"><td data-date=\"2026-04-27\" class=\"\"><span class=\"date tooltipster\" title=\"12 Disponibles\"><span class=\"number\">27<\/span><\/span><\/td><td data-date=\"2026-04-28\" class=\"\"><span class=\"date tooltipster\" title=\"12 Disponibles\"><span class=\"number\">28<\/span><\/span><\/td><td data-date=\"2026-04-29\" class=\"\"><span class=\"date tooltipster\" title=\"12 Disponibles\"><span class=\"number\">29<\/span><\/span><\/td><td data-date=\"2026-04-30\" class=\"\"><span class=\"date tooltipster\" title=\"12 Disponibles\"><span class=\"number\">30<\/span><\/span><\/td><td data-date=\"2026-05-1\" class=\"next-month\"><span class=\"date tooltipster\" title=\"12 Disponibles\"><span class=\"number\">1<\/span><\/span><\/td><td data-date=\"2026-05-2\" class=\"next-month\"><span class=\"date tooltipster\" title=\"13 Disponibles\"><span class=\"number\">2<\/span><\/span><\/td><td data-date=\"2026-05-3\" class=\"next-month prev-date\"><span class=\"date\"><span class=\"number\">3<\/span><\/span><\/td><\/tr>\t\t<\/tbody>\n\t<\/table><\/div><\/div>[\/vc_column_text][\/vc_column][vc_column width=\u00a0\u00bb1\/3&Prime;][vc_single_image image=\u00a0\u00bb494&Prime; img_size=\u00a0\u00bb350&#215;309&Prime; alignment=\u00a0\u00bbright\u00a0\u00bb css_animation=\u00a0\u00bbappear\u00a0\u00bb css=\u00a0\u00bb.vc_custom_1589278035827{margin-bottom: 0px !important;}\u00a0\u00bb][vc_single_image image=\u00a0\u00bb495&Prime; img_size=\u00a0\u00bb350&#215;309&Prime; alignment=\u00a0\u00bbright\u00a0\u00bb onclick=\u00a0\u00bbcustom_link\u00a0\u00bb css_animation=\u00a0\u00bbappear\u00a0\u00bb link=\u00a0\u00bbhttp:\/\/opticalsante.fr\/index.php\/tournan-en-brie\/contactez-nous-tournan\/\u00a0\u00bb css=\u00a0\u00bb.vc_custom_1589278031308{margin-top: 0px !important;}\u00a0\u00bb][\/vc_column][\/vc_row][vc_row][vc_column][vc_column_text]<\/p>\n<h4 class=\"faq-accordion--bloc--title\">Mentions l\u00e9gales<\/h4>\n<div id=\"collapse1\" class=\"collapsing\">\n<div class=\"faq-accordion--bloc--content\">\n<div class=\"faq-accordion--bloc--content--answer\">\n<p><strong>V\u00e9rification de la vue<\/strong><\/p>\n<p>La v\u00e9rification de la vue n\u2019est pas un acte m\u00e9dical. Elle permet le renouvellement des lunettes mais ne remplace pas un suivi r\u00e9gulier par votre ophtalmologiste. Sur rendez-vous, il est proc\u00e9d\u00e9 \u00e0 la v\u00e9rification de la vue dans le respect des conditions d\u2019exercice de ce droit.<\/p>\n<p>Un opticien dipl\u00f4m\u00e9 est habilit\u00e9 \u00e0 r\u00e9aliser la v\u00e9rification de la vue, si le Client ne pr\u00e9sente pas de pathologie oculaire, s\u2019il est \u00e2g\u00e9 de plus de 16 ans et sur pr\u00e9sentation d\u2019une ordonnance en cours de validit\u00e9. Une ordonnance r\u00e9dig\u00e9e avant le 17 octobre 2016 est valable 3 ans. Une ordonnance r\u00e9dig\u00e9e apr\u00e8s le 17 octobre 2016 est valable 5 ans\u00a0 pour les personnes \u00e2g\u00e9es de 16 \u00e0 42 ans, 3 ans pour celles \u00e2g\u00e9es de plus de 42 ans .<\/p>\n<\/div>\n<\/div>\n<\/div>\n<p>[\/vc_column_text][\/vc_column][\/vc_row]<\/p>\n<\/div>","protected":false},"excerpt":{"rendered":"<p>[vc_row][vc_column][vc_column_text] Prenez rendez-vous en ligne | Optical Sant\u00e9 Tournan-en-Brie [\/vc_column_text][\/vc_column][\/vc_row][vc_row][vc_column width=\u00a0\u00bb2\/3&Prime;][vc_column_text][\/vc_column_text][\/vc_column][vc_column width=\u00a0\u00bb1\/3&Prime;][vc_single_image image=\u00a0\u00bb494&Prime; img_size=\u00a0\u00bb350&#215;309&Prime; alignment=\u00a0\u00bbright\u00a0\u00bb css_animation=\u00a0\u00bbappear\u00a0\u00bb css=\u00a0\u00bb.vc_custom_1589278035827{margin-bottom: 0px !important;}\u00a0\u00bb][vc_single_image image=\u00a0\u00bb495&Prime; img_size=\u00a0\u00bb350&#215;309&Prime; alignment=\u00a0\u00bbright\u00a0\u00bb onclick=\u00a0\u00bbcustom_link\u00a0\u00bb css_animation=\u00a0\u00bbappear\u00a0\u00bb link=\u00a0\u00bbhttp:\/\/opticalsante.fr\/index.php\/tournan-en-brie\/contactez-nous-tournan\/\u00a0\u00bb css=\u00a0\u00bb.vc_custom_1589278031308{margin-top:<span class=\"excerpt-hellip\"> [\u2026]<\/span><\/p>\n","protected":false},"author":1,"featured_media":0,"parent":0,"menu_order":0,"comment_status":"closed","ping_status":"closed","template":"","meta":{"footnotes":""},"class_list":["post-245","page","type-page","status-publish","hentry"],"_links":{"self":[{"href":"https:\/\/opticalsante.fr\/index.php\/wp-json\/wp\/v2\/pages\/245"}],"collection":[{"href":"https:\/\/opticalsante.fr\/index.php\/wp-json\/wp\/v2\/pages"}],"about":[{"href":"https:\/\/opticalsante.fr\/index.php\/wp-json\/wp\/v2\/types\/page"}],"author":[{"embeddable":true,"href":"https:\/\/opticalsante.fr\/index.php\/wp-json\/wp\/v2\/users\/1"}],"replies":[{"embeddable":true,"href":"https:\/\/opticalsante.fr\/index.php\/wp-json\/wp\/v2\/comments?post=245"}],"version-history":[{"count":17,"href":"https:\/\/opticalsante.fr\/index.php\/wp-json\/wp\/v2\/pages\/245\/revisions"}],"predecessor-version":[{"id":507,"href":"https:\/\/opticalsante.fr\/index.php\/wp-json\/wp\/v2\/pages\/245\/revisions\/507"}],"wp:attachment":[{"href":"https:\/\/opticalsante.fr\/index.php\/wp-json\/wp\/v2\/media?parent=245"}],"curies":[{"name":"wp","href":"https:\/\/api.w.org\/{rel}","templated":true}]}}