{"id":220,"date":"2018-04-23T10:22:50","date_gmt":"2018-04-23T09:22:50","guid":{"rendered":"http:\/\/opticalsante.fr\/?page_id=220"},"modified":"2018-04-25T13:34:48","modified_gmt":"2018-04-25T12:34:48","slug":"traitements","status":"publish","type":"page","link":"https:\/\/opticalsante.fr\/index.php\/traitements\/","title":{"rendered":"TRAITEMENTS"},"content":{"rendered":"<div class=\"wpb-content-wrapper\"><p>[vc_row css=\u00a0\u00bb.vc_custom_1524476095662{margin-top: 45px !important;}\u00a0\u00bb][vc_column][vc_column_text]<\/p>\n<h2 style=\"text-align: justify;\"><span style=\"color: #7c6eb0;\"><strong>Les traitements de surface<\/strong><\/span><\/h2>\n<p style=\"text-align: justify;\">Diff\u00e9rents traitements peuvent \u00eatre appliqu\u00e9s sur la surface des verres de lunettes. Ils permettent d&rsquo;am\u00e9liorer le confort visuel et la qualit\u00e9 de vision.<\/p>\n<p style=\"text-align: justify;\">En voici la liste avec leurs avantages:<\/p>\n<h4 style=\"text-align: justify;\"><span style=\"color: #7c6eb0;\"><strong>Le traitement contre les\u00a0rayures (ou durci)<\/strong><\/span><\/h4>\n<p style=\"text-align: justify;\">Le traitement durcisseur consiste \u00e0 appliquer un vernis sur les verres afin d\u2019augmenter leur r\u00e9sistance aux rayures et aux frottements. Cette couche de protection permet ainsi d\u2019augmenter la dur\u00e9e de vie des verres.<\/p>\n<h4 style=\"text-align: justify;\"><span style=\"color: #7c6eb0;\"><strong>Le traitement anti-reflets<\/strong><\/span><\/h4>\n<p style=\"text-align: justify;\">Il supprime les reflets parasites &#8211; pratique pour conduire une voiture ou lorsqu&rsquo;on travaille sur un ordinateur &#8211; et permet d&rsquo;am\u00e9liorer la perception des contrastes. C&rsquo;est un traitement de confort car il rend le verre plus transparent ce qui am\u00e9liore la vision en supprimant l&rsquo;\u00e9blouissement. Esth\u00e9tiquement, il donne plus de transparence aux verres et permet donc aux autres de mieux voir votre regard.<\/p>\n<h4 style=\"text-align: justify;\"><span style=\"color: #7c6eb0;\"><strong><img loading=\"lazy\" decoding=\"async\" class=\"aligncenter wp-image-212\" src=\"http:\/\/opticalsante.fr\/wp-content\/uploads\/2018\/04\/a-inserer-avec-traitement-anti-reflet-1024x669.jpg\" alt=\"a-inserer-avec-traitement-anti-reflet\" width=\"724\" height=\"473\" srcset=\"https:\/\/opticalsante.fr\/wp-content\/uploads\/2018\/04\/a-inserer-avec-traitement-anti-reflet-1024x669.jpg 1024w, https:\/\/opticalsante.fr\/wp-content\/uploads\/2018\/04\/a-inserer-avec-traitement-anti-reflet-300x196.jpg 300w, https:\/\/opticalsante.fr\/wp-content\/uploads\/2018\/04\/a-inserer-avec-traitement-anti-reflet-768x502.jpg 768w, https:\/\/opticalsante.fr\/wp-content\/uploads\/2018\/04\/a-inserer-avec-traitement-anti-reflet-224x146.jpg 224w, https:\/\/opticalsante.fr\/wp-content\/uploads\/2018\/04\/a-inserer-avec-traitement-anti-reflet-50x33.jpg 50w, https:\/\/opticalsante.fr\/wp-content\/uploads\/2018\/04\/a-inserer-avec-traitement-anti-reflet-115x75.jpg 115w, https:\/\/opticalsante.fr\/wp-content\/uploads\/2018\/04\/a-inserer-avec-traitement-anti-reflet.jpg 1280w\" sizes=\"(max-width: 724px) 100vw, 724px\" \/><\/strong><\/span><\/h4>\n<h4 style=\"text-align: justify;\"><span style=\"color: #7c6eb0;\"><strong>Le traitement anti-salissure ou hydrophobe<\/strong><\/span><\/h4>\n<p style=\"text-align: justify;\">Le traitement antisalissure rend la surface du verre des lunettes anti adh\u00e9rente : les perles d\u2019eau roulent sur la surface et les traces de gras (nos empreintes) n\u2019ont pas prise.<\/p>\n<h4 style=\"text-align: justify;\"><span style=\"color: #7c6eb0;\"><strong>Le traitement anti lumi\u00e8re bleue.<\/strong><\/span><\/h4>\n<p style=\"text-align: justify;\">Particuli\u00e8rement pr\u00e9conis\u00e9 pour les personnes passant beaucoup de temps sur ordinateur ou sur les \u00e9crans LED, il permet de filtrer les rayons nocifs de la lumi\u00e8re bleue. Les verres ont une teinte jaune ou brune plus ou moins prononc\u00e9e suivant le taux de filtrage. Il est toujours associ\u00e9 \u00e0 un traitement antireflets.<\/p>\n<div style=\"width: 650px;\" class=\"wp-video\"><!--[if lt IE 9]><script>document.createElement('video');<\/script><![endif]-->\n<video class=\"wp-video-shortcode\" id=\"video-220-1\" width=\"650\" height=\"366\" loop=\"1\" autoplay=\"1\" preload=\"auto\" controls=\"controls\"><source type=\"video\/mp4\" src=\"http:\/\/opticalsante.fr\/wp-content\/uploads\/2018\/04\/Opticien-traitement-lumiere-bleu-1.mp4?_=1\" \/><a href=\"http:\/\/opticalsante.fr\/wp-content\/uploads\/2018\/04\/Opticien-traitement-lumiere-bleu-1.mp4\">http:\/\/opticalsante.fr\/wp-content\/uploads\/2018\/04\/Opticien-traitement-lumiere-bleu-1.mp4<\/a><\/video><\/div>\n<h4 style=\"text-align: justify;\"><span style=\"color: #7c6eb0;\"><strong>Le traitement polarisant<\/strong><\/span><\/h4>\n<p style=\"text-align: justify;\">Il supprime les reflets \u00e9blouissants qui n&rsquo;ont pas d&rsquo;utilit\u00e9 visuelle et am\u00e9liore la perception des contrastes. Ils sont tr\u00e8s utiles lorsque la r\u00e9verb\u00e9ration est importante et parfaits pour la conduite et les sports ext\u00e9rieurs (v\u00e9lo, ski, sports nautiques).<\/p>\n<p style=\"text-align: justify;\">Ils sont parfaits \u00e9galement pour les personnes qui per\u00e7oivent mal les contrastes ou qui ont des yeux fragilis\u00e9s par l&rsquo;\u00e2ge ou par une op\u00e9ration.<\/p>\n<h4 style=\"text-align: justify;\"><span style=\"color: #7c6eb0;\"><strong>Le traitement photochromique<\/strong><\/span><\/h4>\n<p style=\"text-align: justify;\">Ces verres sont aussi appel\u00e9s verres \u00e0 teinte variable. le traitement photochromique permet au verre des lunettes de foncer ou de s&rsquo;\u00e9claircir progressivement selon la luminosit\u00e9. Les verres s\u2019obscurcissent sous l\u2019effet du rayonnement UV et s\u2019\u00e9claircissent sous l\u2019effet de la chaleur.<\/p>\n<p style=\"text-align: justify;\">Ils seront tr\u00e8s utiles aux personnes qui sont g\u00ean\u00e9es par la lumi\u00e8re ambiante.<\/p>\n<div style=\"width: 650px;\" class=\"wp-video\"><video class=\"wp-video-shortcode\" id=\"video-220-2\" width=\"650\" height=\"366\" loop=\"1\" autoplay=\"1\" preload=\"auto\" controls=\"controls\"><source type=\"video\/mp4\" src=\"http:\/\/opticalsante.fr\/wp-content\/uploads\/2018\/04\/Opticien-champigny-tournan-verre-photochromique.mp4?_=2\" \/><a href=\"http:\/\/opticalsante.fr\/wp-content\/uploads\/2018\/04\/Opticien-champigny-tournan-verre-photochromique.mp4\">http:\/\/opticalsante.fr\/wp-content\/uploads\/2018\/04\/Opticien-champigny-tournan-verre-photochromique.mp4<\/a><\/video><\/div>\n<h4 style=\"text-align: justify;\"><\/h4>\n<h4 style=\"text-align: justify;\"><span style=\"color: #7c6eb0;\"><strong>Le traitement amincissant<\/strong><\/span><\/h4>\n<p style=\"text-align: justify;\">Il est utilis\u00e9 pour les fortes corrections : pour son l&rsquo;aspect esth\u00e9tique (diminution de 30% de l&rsquo;\u00e9paisseur du verre), et aussi parcequ&rsquo;il am\u00e9liore la vison optique.<\/p>\n<p style=\"text-align: justify;\">Ce traitement est pr\u00e9conis\u00e9 pour optimiser l\u2019esth\u00e9tique des verres \u00e0 fortes corrections (myope ou hyperm\u00e9trope) et il est \u00e9galement recommand\u00e9 pour les montures demi-cercl\u00e9es et invisibles.<\/p>\n<p>[\/vc_column_text][\/vc_column][\/vc_row]<\/p>\n<\/div>","protected":false},"excerpt":{"rendered":"<p>[vc_row css=\u00a0\u00bb.vc_custom_1524476095662{margin-top: 45px !important;}\u00a0\u00bb][vc_column][vc_column_text] Les traitements de surface Diff\u00e9rents traitements peuvent \u00eatre appliqu\u00e9s sur la surface des verres de lunettes. Ils permettent d&rsquo;am\u00e9liorer le confort visuel<span class=\"excerpt-hellip\"> [\u2026]<\/span><\/p>\n","protected":false},"author":1,"featured_media":0,"parent":0,"menu_order":0,"comment_status":"closed","ping_status":"closed","template":"","meta":{"footnotes":""},"class_list":["post-220","page","type-page","status-publish","hentry"],"_links":{"self":[{"href":"https:\/\/opticalsante.fr\/index.php\/wp-json\/wp\/v2\/pages\/220"}],"collection":[{"href":"https:\/\/opticalsante.fr\/index.php\/wp-json\/wp\/v2\/pages"}],"about":[{"href":"https:\/\/opticalsante.fr\/index.php\/wp-json\/wp\/v2\/types\/page"}],"author":[{"embeddable":true,"href":"https:\/\/opticalsante.fr\/index.php\/wp-json\/wp\/v2\/users\/1"}],"replies":[{"embeddable":true,"href":"https:\/\/opticalsante.fr\/index.php\/wp-json\/wp\/v2\/comments?post=220"}],"version-history":[{"count":10,"href":"https:\/\/opticalsante.fr\/index.php\/wp-json\/wp\/v2\/pages\/220\/revisions"}],"predecessor-version":[{"id":239,"href":"https:\/\/opticalsante.fr\/index.php\/wp-json\/wp\/v2\/pages\/220\/revisions\/239"}],"wp:attachment":[{"href":"https:\/\/opticalsante.fr\/index.php\/wp-json\/wp\/v2\/media?parent=220"}],"curies":[{"name":"wp","href":"https:\/\/api.w.org\/{rel}","templated":true}]}}