{"id":211,"date":"2018-04-23T10:16:03","date_gmt":"2018-04-23T09:16:03","guid":{"rendered":"http:\/\/opticalsante.fr\/?page_id=211"},"modified":"2018-04-25T13:36:09","modified_gmt":"2018-04-25T12:36:09","slug":"verres-opticien","status":"publish","type":"page","link":"https:\/\/opticalsante.fr\/index.php\/verres-opticien\/","title":{"rendered":"VERRES"},"content":{"rendered":"<div class=\"wpb-content-wrapper\"><p>[vc_row css=\u00a0\u00bb.vc_custom_1524476131619{margin-top: 45px !important;}\u00a0\u00bb][vc_column][vc_column_text]Nos opticiens sont \u00e0 votre \u00e9coute pour vous conseiller au mieux quant au choix de vos verres.\u00a0Nous travaillons avec les verriers les plus connus tels que Essilor, Zeiss ou encore Ophtalmic.<br \/>\nQue ce soit pour le choix de vos verres progressifs ou des verres unifocaux, nos conseils vous permetrons de choisir les verres les plus adapt\u00e9s \u00e0 vos besoins quotidiens.\u00a0Grace \u00e0 notre experience, vous serez enti\u00e8rement satisfait.[\/vc_column_text][\/vc_column][\/vc_row][vc_row][vc_column][vc_column_text]<\/p>\n<h3 style=\"text-align: justify;\"><span style=\"color: #7c6eb0;\"><strong>Verre Unifocaux<\/strong><\/span><\/h3>\n<p style=\"text-align: justify;\">Appel\u00e9s aussi verres simple-foyer,ils sont utilis\u00e9s pour corriger les troubles de la vue les plus courants, \u00e0 savoir la myopie, l\u2019hyperm\u00e9tropie et l\u2019astigmatisme. Ils poss\u00e8dent la m\u00eame puissance de correction sur toute leur surface.<\/p>\n<h3 style=\"text-align: justify;\"><span style=\"color: #7c6eb0;\"><strong>Verres Progressifs<\/strong><\/span><\/h3>\n<p style=\"text-align: justify;\">Utilis\u00e9s pour traiter la presbytie et les d\u00e9ficiences visuelles sp\u00e9ciales, ils sont compos\u00e9s de trois zones de correction (vue de pr\u00e8s, interm\u00e9diaire et vue de loin). La correction se fait de mani\u00e8re progressive en fonction de l\u2019angle de la vision. La d\u00e9limitation entre les diff\u00e9rentes zones est invisible et la correction se fait en douceur.<\/p>\n<div style=\"width: 650px;\" class=\"wp-video\"><!--[if lt IE 9]><script>document.createElement('video');<\/script><![endif]-->\n<video class=\"wp-video-shortcode\" id=\"video-211-1\" width=\"650\" height=\"366\" loop=\"1\" autoplay=\"1\" preload=\"auto\" controls=\"controls\"><source type=\"video\/mp4\" src=\"http:\/\/opticalsante.fr\/wp-content\/uploads\/2018\/04\/Opticien-Champigny-tournan-verres-progressif.mp4?_=1\" \/><a href=\"http:\/\/opticalsante.fr\/wp-content\/uploads\/2018\/04\/Opticien-Champigny-tournan-verres-progressif.mp4\">http:\/\/opticalsante.fr\/wp-content\/uploads\/2018\/04\/Opticien-Champigny-tournan-verres-progressif.mp4<\/a><\/video><\/div>\n<h3 style=\"text-align: justify;\"><\/h3>\n<h3 style=\"text-align: justify;\"><span style=\"color: #7c6eb0;\"><strong>Verres mi-distance<\/strong><\/span><\/h3>\n<p style=\"text-align: justify;\">Appel\u00e9s aussi verres de proximit\u00e9. Des lunettes avec des verres de lecture ou des verres progressifs standard ne sont g\u00e9n\u00e9ralement pas id\u00e9ales pour travailler sur ordinateur. Les lunettes de lecture par exemple, n&rsquo;offrent une vision optimale qu&rsquo;\u00e0 une courte distance, trop courte pour travailler \u00e0 l&rsquo;ordinateur ou regarder sur votre bureau. Avec des verres progressifs, l&rsquo;utilisateur peut certes voir l&rsquo;\u00e9cran dans la partie basse du verre, mais il doit incliner sa t\u00eate vers l&rsquo;arri\u00e8re pour avoir une vision nette. Les deux types de verre impliquent une posture non naturelle en \u00e9tant assis, causant potentiellement une tension musculaire dans votre dos, vos \u00e9paules ainsi que des maux de t\u00eate. Les verres de proximit\u00e9s verres sont optimis\u00e9s pour la distance de vision qui vous s\u00e9pare de votre \u00e9cran d&rsquo;ordinateur, de vos clients ou coll\u00e8gues, permettant \u00e0 vos yeux de se d\u00e9tendre et de garantir une posture plus adapt\u00e9e. Vous remarquerez les effets positifs, m\u00eame apr\u00e8s le travail.<\/p>\n<p>[\/vc_column_text][\/vc_column][\/vc_row]<\/p>\n<\/div>","protected":false},"excerpt":{"rendered":"<p>[vc_row css=\u00a0\u00bb.vc_custom_1524476131619{margin-top: 45px !important;}\u00a0\u00bb][vc_column][vc_column_text]Nos opticiens sont \u00e0 votre \u00e9coute pour vous conseiller au mieux quant au choix de vos verres.\u00a0Nous travaillons avec les verriers les plus<span class=\"excerpt-hellip\"> [\u2026]<\/span><\/p>\n","protected":false},"author":1,"featured_media":0,"parent":0,"menu_order":0,"comment_status":"closed","ping_status":"closed","template":"","meta":{"footnotes":""},"class_list":["post-211","page","type-page","status-publish","hentry"],"_links":{"self":[{"href":"https:\/\/opticalsante.fr\/index.php\/wp-json\/wp\/v2\/pages\/211"}],"collection":[{"href":"https:\/\/opticalsante.fr\/index.php\/wp-json\/wp\/v2\/pages"}],"about":[{"href":"https:\/\/opticalsante.fr\/index.php\/wp-json\/wp\/v2\/types\/page"}],"author":[{"embeddable":true,"href":"https:\/\/opticalsante.fr\/index.php\/wp-json\/wp\/v2\/users\/1"}],"replies":[{"embeddable":true,"href":"https:\/\/opticalsante.fr\/index.php\/wp-json\/wp\/v2\/comments?post=211"}],"version-history":[{"count":9,"href":"https:\/\/opticalsante.fr\/index.php\/wp-json\/wp\/v2\/pages\/211\/revisions"}],"predecessor-version":[{"id":240,"href":"https:\/\/opticalsante.fr\/index.php\/wp-json\/wp\/v2\/pages\/211\/revisions\/240"}],"wp:attachment":[{"href":"https:\/\/opticalsante.fr\/index.php\/wp-json\/wp\/v2\/media?parent=211"}],"curies":[{"name":"wp","href":"https:\/\/api.w.org\/{rel}","templated":true}]}}